{"id":14,"date":"2015-07-21T12:11:34","date_gmt":"2015-07-21T12:11:34","guid":{"rendered":"https:\/\/www.myvideomedia.de\/?page_id=14"},"modified":"2023-11-19T08:28:35","modified_gmt":"2023-11-19T08:28:35","slug":"impressum","status":"publish","type":"page","link":"https:\/\/www.myvideomedia.com\/de\/impressum\/","title":{"rendered":"Impressum"},"content":{"rendered":"\n<p>G\u00fcnther Etlinger  <br\/>freiberuflicher Videojournalist<br\/>und<br\/>Ursula Streit<br\/>freiberuflicher Fotojournalist<br\/>Cusanusstr. 4<br\/>54518 Altrich, Deutschland<\/p>\n<h4 class=\"wp-block-heading\" id=\"kontakt\">Kontakt<\/h4>\n<p>E-Mail: info (@ )myvideomedia.com<\/p>\n<h4 class=\"wp-block-heading\" id=\"verantwortlich-fuer-den-inhalt\">Verantwortlich f\u00fcr den Inhalt <\/h4>\n<p>G\u00fcnther Etlinger (Adresse wie oben)<\/p>\n<h3 class=\"wp-block-heading\" id=\"onlinestreitbeilegung-os\">Online-Streitbeilegung (OS)<\/h3>\n<p>Online-Streitbeilegung: Die Europ\u00e4ische Kommission stellt eine Plattform f\u00fcr die Online-Streitbeilegung (OS) bereit, die unter <a href=\"https:\/\/ec.europa.eu\/consumers\/odr\/\" target=\"_blank\" rel=\"noreferrer noopener nofollow\">https:\/\/ec.europa.eu\/consumers\/odr\/ <\/a>zu finden ist. Die Verbraucher haben die M\u00f6glichkeit, diese Plattform zur Beilegung ihrer Streitigkeiten zu nutzen.<\/p>\n<h3 class=\"wp-block-heading\" id=\"soziale-medien-und-andere-onlinepraesenzen\">Soziale Medien und andere Onlinepr\u00e4senzen<\/h3>\n<p>Dieses Impressum gilt auch f\u00fcr die folgenden Social-Media-Pr\u00e4senzen und Online-Profile:<br\/><a href=\"https:\/\/blog.myvideomedia.com\">https:\/\/blog.myvideomedia.com<\/a><br\/><a href=\"https:\/\/youtube.com\/myVideoMedia\" target=\"_blank\" rel=\"noreferrer noopener\">https:\/\/youtube.com\/myVideoMedia<\/a><br\/><a href=\"https:\/\/instagram.com\/myvideomedia\" target=\"_blank\" rel=\"noreferrer noopener\">https:\/\/instagram.com\/myvideomedia<\/a><br\/><a href=\"https:\/\/pinterest.com\/myvideomedia\" target=\"_blank\" rel=\"noreferrer noopener\">https:\/\/pinterest.com\/myvideomedia<\/a><\/p>\n<h2 class=\"wp-block-heading\" id=\"haftungs-und-schutzrechtshinweise\">Haftungs- und Schutzrechtshinweise<\/h2>\n<p><strong>Haftungsausschluss:<\/strong>  Die Inhalte dieses Onlineangebotes wurden sorgf\u00e4ltig und nach unserem derzeitigen Kenntnisstand erstellt, dienen jedoch nur der Information und entfalten keine rechtsverbindliche Wirkung, es sei denn, es handelt sich um rechtsverbindliche Angaben (z.B. das Impressum, die Datenschutzerkl\u00e4rung, AGB oder verbindliche Belehrungen von Verbrauchern). Wir behalten uns das Recht vor, den Inhalt ganz oder teilweise zu \u00e4ndern oder zu l\u00f6schen, sofern die vertraglichen Verpflichtungen davon unber\u00fchrt bleiben. Alle Angebote sind freibleibend und unverbindlich.  <\/p>\n\n<p><strong>Links zu externen Webseiten<\/strong>: Die Inhalte externer Websites, auf die wir direkt oder indirekt verweisen, liegen au\u00dferhalb unseres Verantwortungsbereiches und wir machen uns diese nicht zu eigen. F\u00fcr s\u00e4mtliche Inhalte und insbesondere f\u00fcr Sch\u00e4den, die aus der Nutzung der auf den verlinkten Seiten abrufbaren Informationen entstehen, haftet allein der Anbieter der verlinkten Seiten.<\/p>\n\n<p><strong>Urheberrechte und Markenrechte<\/strong>: Alle auf dieser Website dargestellten Inhalte, wie Texte, Fotos, Grafiken, Marken und Warenzeichen, sind durch die jeweiligen Eigentumsrechte (Urheberrechte, Markenrechte) gesch\u00fctzt. Die Nutzung, Vervielf\u00e4ltigung etc. unterliegt unseren Rechten oder den Rechten der jeweiligen Urheber bzw. Rechteverwalter.<\/p>\n\n<p><strong>Hinweis auf Rechtsverst\u00f6\u00dfe<\/strong>: Sollten Ihnen Rechtsverst\u00f6\u00dfe innerhalb unseres Internetauftritts auffallen, bitten wir Sie, uns diese mitzuteilen. Bei Bekanntwerden von rechtswidrigen Inhalten und Links werden wir diese umgehend entfernen.<\/p>\n<h3 class=\"wp-block-heading\" id=\"datenschutz\"><a href=\"https:\/\/www.myvideomedia.com\/de\/datenschutz-2\/\">Datenschutz<\/a><\/h3>\n<p><\/p>\n","protected":false},"excerpt":{"rendered":"<p>G\u00fcnther Etlinger freiberuflicher VideojournalistundUrsula Streitfreiberuflicher FotojournalistCusanusstr. 454518 Altrich, Deutschland Kontakt E-Mail: info (@ )myvideomedia.com Verantwortlich f\u00fcr den Inhalt G\u00fcnther Etlinger (Adresse wie oben) Online-Streitbeilegung (OS) Online-Streitbeilegung: Die Europ\u00e4ische Kommission stellt eine Plattform f\u00fcr die Online-Streitbeilegung (OS) bereit, die unter https:\/\/ec.europa.eu\/consumers\/odr\/ zu finden ist. Die Verbraucher haben die M\u00f6glichkeit, diese Plattform zur Beilegung ihrer Streitigkeiten zu [&hellip;]<\/p>\n","protected":false},"author":1,"featured_media":0,"parent":0,"menu_order":0,"comment_status":"closed","ping_status":"closed","template":"","meta":{"_eb_attr":"","_genesis_hide_title":false,"_genesis_hide_breadcrumbs":false,"_genesis_hide_singular_image":false,"_genesis_hide_footer_widgets":false,"_genesis_custom_body_class":"","_genesis_custom_post_class":"","_genesis_layout":"content-sidebar","footnotes":""},"class_list":{"0":"post-14","1":"page","2":"type-page","3":"status-publish","5":"entry"},"yoast_head":"<!-- This site is optimized with the Yoast SEO plugin v27.4 - https:\/\/yoast.com\/product\/yoast-seo-wordpress\/ -->\n<title>Impressum - Reisen und Videos<\/title>\n<meta name=\"robots\" content=\"index, follow, max-snippet:-1, max-image-preview:large, max-video-preview:-1\" \/>\n<link rel=\"canonical\" href=\"https:\/\/www.myvideomedia.com\/de\/impressum\/\" \/>\n<meta property=\"og:locale\" content=\"de_DE\" \/>\n<meta property=\"og:type\" content=\"article\" \/>\n<meta property=\"og:title\" content=\"Impressum - Reisen und Videos\" \/>\n<meta property=\"og:description\" content=\"G\u00fcnther Etlinger freiberuflicher VideojournalistundUrsula Streitfreiberuflicher FotojournalistCusanusstr. 454518 Altrich, Deutschland Kontakt E-Mail: info (@ )myvideomedia.com Verantwortlich f\u00fcr den Inhalt G\u00fcnther Etlinger (Adresse wie oben) Online-Streitbeilegung (OS) Online-Streitbeilegung: Die Europ\u00e4ische Kommission stellt eine Plattform f\u00fcr die Online-Streitbeilegung (OS) bereit, die unter https:\/\/ec.europa.eu\/consumers\/odr\/ zu finden ist. Die Verbraucher haben die M\u00f6glichkeit, diese Plattform zur Beilegung ihrer Streitigkeiten zu [&hellip;]\" \/>\n<meta property=\"og:url\" content=\"https:\/\/www.myvideomedia.com\/de\/impressum\/\" \/>\n<meta property=\"og:site_name\" content=\"Reisen und Videos\" \/>\n<meta property=\"article:publisher\" content=\"https:\/\/www.facebook.com\/myvideomedia\/\" \/>\n<meta property=\"article:modified_time\" content=\"2023-11-19T08:28:35+00:00\" \/>\n<meta name=\"twitter:card\" content=\"summary_large_image\" \/>\n<meta name=\"twitter:label1\" content=\"Gesch\u00e4tzte Lesezeit\" \/>\n\t<meta name=\"twitter:data1\" content=\"2\u00a0Minuten\" \/>\n<script type=\"application\/ld+json\" class=\"yoast-schema-graph\">{\"@context\":\"https:\\\/\\\/schema.org\",\"@graph\":[{\"@type\":\"WebPage\",\"@id\":\"https:\\\/\\\/www.myvideomedia.com\\\/de\\\/impressum\\\/\",\"url\":\"https:\\\/\\\/www.myvideomedia.com\\\/de\\\/impressum\\\/\",\"name\":\"Impressum - Reisen und Videos\",\"isPartOf\":{\"@id\":\"https:\\\/\\\/www.myvideomedia.com\\\/de\\\/#website\"},\"datePublished\":\"2015-07-21T12:11:34+00:00\",\"dateModified\":\"2023-11-19T08:28:35+00:00\",\"breadcrumb\":{\"@id\":\"https:\\\/\\\/www.myvideomedia.com\\\/de\\\/impressum\\\/#breadcrumb\"},\"inLanguage\":\"de\",\"potentialAction\":[{\"@type\":\"ReadAction\",\"target\":[\"https:\\\/\\\/www.myvideomedia.com\\\/de\\\/impressum\\\/\"]}]},{\"@type\":\"BreadcrumbList\",\"@id\":\"https:\\\/\\\/www.myvideomedia.com\\\/de\\\/impressum\\\/#breadcrumb\",\"itemListElement\":[{\"@type\":\"ListItem\",\"position\":1,\"name\":\"Home\",\"item\":\"https:\\\/\\\/www.myvideomedia.com\\\/de\\\/\"},{\"@type\":\"ListItem\",\"position\":2,\"name\":\"Impressum\"}]},{\"@type\":\"WebSite\",\"@id\":\"https:\\\/\\\/www.myvideomedia.com\\\/de\\\/#website\",\"url\":\"https:\\\/\\\/www.myvideomedia.com\\\/de\\\/\",\"name\":\"Reisen und Videos\",\"description\":\"Reisen und Videos \",\"publisher\":{\"@id\":\"https:\\\/\\\/www.myvideomedia.com\\\/de\\\/#organization\"},\"potentialAction\":[{\"@type\":\"SearchAction\",\"target\":{\"@type\":\"EntryPoint\",\"urlTemplate\":\"https:\\\/\\\/www.myvideomedia.com\\\/de\\\/?s={search_term_string}\"},\"query-input\":{\"@type\":\"PropertyValueSpecification\",\"valueRequired\":true,\"valueName\":\"search_term_string\"}}],\"inLanguage\":\"de\"},{\"@type\":\"Organization\",\"@id\":\"https:\\\/\\\/www.myvideomedia.com\\\/de\\\/#organization\",\"name\":\"myVideoMedia\",\"url\":\"https:\\\/\\\/www.myvideomedia.com\\\/de\\\/\",\"logo\":{\"@type\":\"ImageObject\",\"inLanguage\":\"de\",\"@id\":\"https:\\\/\\\/www.myvideomedia.com\\\/de\\\/#\\\/schema\\\/logo\\\/image\\\/\",\"url\":\"https:\\\/\\\/www.myvideomedia.com\\\/wp-content\\\/uploads\\\/2015\\\/09\\\/logo_myvideomedia.png\",\"contentUrl\":\"https:\\\/\\\/www.myvideomedia.com\\\/wp-content\\\/uploads\\\/2015\\\/09\\\/logo_myvideomedia.png\",\"width\":360,\"height\":76,\"caption\":\"myVideoMedia\"},\"image\":{\"@id\":\"https:\\\/\\\/www.myvideomedia.com\\\/de\\\/#\\\/schema\\\/logo\\\/image\\\/\"},\"sameAs\":[\"https:\\\/\\\/www.facebook.com\\\/myvideomedia\\\/\",\"https:\\\/\\\/instagram.com\\\/myvideomedia\\\/\",\"https:\\\/\\\/de.linkedin.com\\\/in\\\/ursulastreit\",\"https:\\\/\\\/www.pinterest.com\\\/myvideomedia\\\/\",\"https:\\\/\\\/www.youtube.com\\\/user\\\/myVideoMedia1\"]}]}<\/script>\n<!-- \/ Yoast SEO plugin. -->","yoast_head_json":{"title":"Impressum - Reisen und Videos","robots":{"index":"index","follow":"follow","max-snippet":"max-snippet:-1","max-image-preview":"max-image-preview:large","max-video-preview":"max-video-preview:-1"},"canonical":"https:\/\/www.myvideomedia.com\/de\/impressum\/","og_locale":"de_DE","og_type":"article","og_title":"Impressum - Reisen und Videos","og_description":"G\u00fcnther Etlinger freiberuflicher VideojournalistundUrsula Streitfreiberuflicher FotojournalistCusanusstr. 454518 Altrich, Deutschland Kontakt E-Mail: info (@ )myvideomedia.com Verantwortlich f\u00fcr den Inhalt G\u00fcnther Etlinger (Adresse wie oben) Online-Streitbeilegung (OS) Online-Streitbeilegung: Die Europ\u00e4ische Kommission stellt eine Plattform f\u00fcr die Online-Streitbeilegung (OS) bereit, die unter https:\/\/ec.europa.eu\/consumers\/odr\/ zu finden ist. Die Verbraucher haben die M\u00f6glichkeit, diese Plattform zur Beilegung ihrer Streitigkeiten zu [&hellip;]","og_url":"https:\/\/www.myvideomedia.com\/de\/impressum\/","og_site_name":"Reisen und Videos","article_publisher":"https:\/\/www.facebook.com\/myvideomedia\/","article_modified_time":"2023-11-19T08:28:35+00:00","twitter_card":"summary_large_image","twitter_misc":{"Gesch\u00e4tzte Lesezeit":"2\u00a0Minuten"},"schema":{"@context":"https:\/\/schema.org","@graph":[{"@type":"WebPage","@id":"https:\/\/www.myvideomedia.com\/de\/impressum\/","url":"https:\/\/www.myvideomedia.com\/de\/impressum\/","name":"Impressum - Reisen und Videos","isPartOf":{"@id":"https:\/\/www.myvideomedia.com\/de\/#website"},"datePublished":"2015-07-21T12:11:34+00:00","dateModified":"2023-11-19T08:28:35+00:00","breadcrumb":{"@id":"https:\/\/www.myvideomedia.com\/de\/impressum\/#breadcrumb"},"inLanguage":"de","potentialAction":[{"@type":"ReadAction","target":["https:\/\/www.myvideomedia.com\/de\/impressum\/"]}]},{"@type":"BreadcrumbList","@id":"https:\/\/www.myvideomedia.com\/de\/impressum\/#breadcrumb","itemListElement":[{"@type":"ListItem","position":1,"name":"Home","item":"https:\/\/www.myvideomedia.com\/de\/"},{"@type":"ListItem","position":2,"name":"Impressum"}]},{"@type":"WebSite","@id":"https:\/\/www.myvideomedia.com\/de\/#website","url":"https:\/\/www.myvideomedia.com\/de\/","name":"Reisen und Videos","description":"Reisen und Videos ","publisher":{"@id":"https:\/\/www.myvideomedia.com\/de\/#organization"},"potentialAction":[{"@type":"SearchAction","target":{"@type":"EntryPoint","urlTemplate":"https:\/\/www.myvideomedia.com\/de\/?s={search_term_string}"},"query-input":{"@type":"PropertyValueSpecification","valueRequired":true,"valueName":"search_term_string"}}],"inLanguage":"de"},{"@type":"Organization","@id":"https:\/\/www.myvideomedia.com\/de\/#organization","name":"myVideoMedia","url":"https:\/\/www.myvideomedia.com\/de\/","logo":{"@type":"ImageObject","inLanguage":"de","@id":"https:\/\/www.myvideomedia.com\/de\/#\/schema\/logo\/image\/","url":"https:\/\/www.myvideomedia.com\/wp-content\/uploads\/2015\/09\/logo_myvideomedia.png","contentUrl":"https:\/\/www.myvideomedia.com\/wp-content\/uploads\/2015\/09\/logo_myvideomedia.png","width":360,"height":76,"caption":"myVideoMedia"},"image":{"@id":"https:\/\/www.myvideomedia.com\/de\/#\/schema\/logo\/image\/"},"sameAs":["https:\/\/www.facebook.com\/myvideomedia\/","https:\/\/instagram.com\/myvideomedia\/","https:\/\/de.linkedin.com\/in\/ursulastreit","https:\/\/www.pinterest.com\/myvideomedia\/","https:\/\/www.youtube.com\/user\/myVideoMedia1"]}]}},"featured_image_src":null,"featured_image_src_square":null,"_links":{"self":[{"href":"https:\/\/www.myvideomedia.com\/de\/wp-json\/wp\/v2\/pages\/14","targetHints":{"allow":["GET"]}}],"collection":[{"href":"https:\/\/www.myvideomedia.com\/de\/wp-json\/wp\/v2\/pages"}],"about":[{"href":"https:\/\/www.myvideomedia.com\/de\/wp-json\/wp\/v2\/types\/page"}],"author":[{"embeddable":true,"href":"https:\/\/www.myvideomedia.com\/de\/wp-json\/wp\/v2\/users\/1"}],"replies":[{"embeddable":true,"href":"https:\/\/www.myvideomedia.com\/de\/wp-json\/wp\/v2\/comments?post=14"}],"version-history":[{"count":0,"href":"https:\/\/www.myvideomedia.com\/de\/wp-json\/wp\/v2\/pages\/14\/revisions"}],"wp:attachment":[{"href":"https:\/\/www.myvideomedia.com\/de\/wp-json\/wp\/v2\/media?parent=14"}],"curies":[{"name":"wp","href":"https:\/\/api.w.org\/{rel}","templated":true}]}}